{"id":81,"date":"2024-11-18T15:08:32","date_gmt":"2024-11-18T15:08:32","guid":{"rendered":"https:\/\/keyforgespain.com\/?page_id=81"},"modified":"2025-01-14T22:19:54","modified_gmt":"2025-01-14T22:19:54","slug":"svr","status":"publish","type":"page","link":"https:\/\/keyforgespain.com\/index.php\/svr\/","title":{"rendered":"SVR"},"content":{"rendered":"\n<div class=\"wp-block-group alignfull is-style-section-1 has-global-padding is-layout-constrained wp-block-group-is-layout-constrained is-style-section-1--1\">\n<div class=\"wp-block-columns alignwide is-layout-flex wp-container-core-columns-is-layout-28f84493 wp-block-columns-is-layout-flex\">\n<div class=\"wp-block-column is-vertically-aligned-center is-layout-flow wp-block-column-is-layout-flow\">\n<h2 class=\"wp-block-heading\">SVR, Spanish Vault Ranking<\/h2>\n\n\n\n<p>Imagina un mundo en el que tus habilidades como jugador de Keyforge no solo se ponen a prueba en cada partida, sino que tambi\u00e9n te permiten escalar hacia lo m\u00e1s alto del competitivo nacional. Ese mundo ya existe, y se llama&nbsp;<strong>Spanish Vault Ranking (SVR)<\/strong>. Es un espacio creado para todos los jugadores de Keyforge de Espa\u00f1a que buscan desaf\u00edos reales y un lugar en el ranking que define a los mejores.<\/p>\n<\/div>\n\n\n\n<div class=\"wp-block-column is-layout-flow wp-block-column-is-layout-flow\">\n<figure class=\"wp-block-image aligncenter size-large is-resized\"><img loading=\"lazy\" decoding=\"async\" width=\"1024\" height=\"576\" src=\"https:\/\/keyforgespain.com\/wp-content\/uploads\/2024\/12\/svru-1024x576.png\" alt=\"\" class=\"wp-image-212\" style=\"width:437px;height:auto\" srcset=\"https:\/\/keyforgespain.com\/wp-content\/uploads\/2024\/12\/svru-1024x576.png 1024w, https:\/\/keyforgespain.com\/wp-content\/uploads\/2024\/12\/svru-300x169.png 300w, https:\/\/keyforgespain.com\/wp-content\/uploads\/2024\/12\/svru-768x432.png 768w, https:\/\/keyforgespain.com\/wp-content\/uploads\/2024\/12\/svru-1536x864.png 1536w, https:\/\/keyforgespain.com\/wp-content\/uploads\/2024\/12\/svru.png 1920w\" sizes=\"auto, (max-width: 1024px) 100vw, 1024px\" \/><\/figure>\n<\/div>\n<\/div>\n<\/div>\n\n\n\n<div class=\"wp-block-group alignfull is-style-default has-background has-global-padding is-layout-constrained wp-block-group-is-layout-constrained\" style=\"background-color:#ffffff;margin-top:0;margin-bottom:0;padding-top:var(--wp--preset--spacing--50);padding-bottom:var(--wp--preset--spacing--50)\">\n<div class=\"wp-block-columns alignwide is-layout-flex wp-container-core-columns-is-layout-28f84493 wp-block-columns-is-layout-flex\">\n<div class=\"wp-block-column is-vertically-aligned-center is-layout-flow wp-block-column-is-layout-flow\">\n<figure class=\"wp-block-image size-large\"><img decoding=\"async\" src=\"https:\/\/pbs.twimg.com\/media\/GYeyTiXWIAAkyCc?format=jpg&amp;name=large\" alt=\"\"\/><\/figure>\n<\/div>\n\n\n\n<div class=\"wp-block-column is-layout-flow wp-block-column-is-layout-flow\">\n<p class=\"has-base-color has-text-color has-link-color wp-elements-9890999689cde8b705c24119168cf1ed\">El SVR es m\u00e1s que una simple clasificaci\u00f3n; es una experiencia. Durante 16 semanas de temporada, te enfrentar\u00e1s en torneos presenciales organizados en tiendas colaboradoras de toda Espa\u00f1a, cada victoria y cada derrota te acercar\u00e1n o alejar\u00e1n de la gloria. Pero lo que hace especial al SVR no es solo la competencia, sino la comunidad de jugadores que comparte la pasi\u00f3n por el juego, el esfuerzo por mejorar y el anhelo de ser reconocidos entre los mejores.<\/p>\n\n\n\n<p class=\"has-base-color has-text-color has-link-color wp-elements-bb6b749f4927d9eb82a656c95433990d\">Participar en el SVR te brinda la oportunidad de medir tu habilidad, aprender de otros, y ganar un lugar entre los jugadores de mayor renombre de Keyforge en Espa\u00f1a. Desde torneos de Rankeo con diferentes formatos hasta el uso del Programa de Cadenas y Poder (PCP) para equilibrar cada desaf\u00edo, el SVR est\u00e1 pensado para ofrecer la m\u00e1xima competitividad y diversidad. \u00a1Y no olvides que todo esto culmina en la oportunidad de luchar por el trofeo de la temporada, el verdadero s\u00edmbolo del \u00e9xito en la comunidad!<br><a href=\"https:\/\/keyforgespain.com\/index.php\/conocimiento\/manuales\/\">Ir a los manuales&#8230;<\/a><\/p>\n<\/div>\n<\/div>\n<\/div>\n\n\n\n<div class=\"wp-block-columns alignfull are-vertically-aligned-top has-accent-2-background-color has-background is-layout-flex wp-container-core-columns-is-layout-28f84493 wp-block-columns-is-layout-flex\">\n<div class=\"wp-block-column is-vertically-aligned-top is-layout-flow wp-block-column-is-layout-flow\" style=\"flex-basis:50%\">\n<blockquote class=\"wp-block-quote has-medium-font-size is-layout-flow wp-block-quote-is-layout-flow\">\n<p>Si alguna vez has querido ser parte de algo m\u00e1s grande, probarte en una arena donde cada partida importa y cada victoria cuenta, el SVR te est\u00e1 esperando. \u00a1Ven, demuestra tu habilidad, y forja tu lugar en la historia de Keyforge en Espa\u00f1a!<\/p>\n<\/blockquote>\n<\/div>\n\n\n\n<div class=\"wp-block-column is-vertically-aligned-top is-layout-flow wp-block-column-is-layout-flow\" style=\"flex-basis:50%\">\n<figure class=\"wp-block-image aligncenter size-large is-resized\"><img decoding=\"async\" src=\"https:\/\/i0.wp.com\/losmoscasaravaca.com\/wp-content\/uploads\/2023\/10\/KeyForge-Vientos-de-intercambio2.png?fit=1024%2C1024&amp;ssl=1\" alt=\"\" style=\"width:223px;height:auto\"\/><\/figure>\n<\/div>\n<\/div>\n\n\n\n<p><\/p>\n","protected":false},"excerpt":{"rendered":"<p>SVR, Spanish Vault Ranking Imagina un mundo en el que tus habilidades como jugador de Keyforge no solo se ponen a prueba en cada partida, sino que tambi\u00e9n te permiten [&hellip;]<\/p>\n","protected":false},"author":1,"featured_media":0,"parent":0,"menu_order":0,"comment_status":"closed","ping_status":"closed","template":"","meta":{"_EventAllDay":false,"_EventTimezone":"","_EventStartDate":"","_EventEndDate":"","_EventStartDateUTC":"","_EventEndDateUTC":"","_EventShowMap":false,"_EventShowMapLink":false,"_EventURL":"","_EventCost":"","_EventCostDescription":"","_EventCurrencySymbol":"","_EventCurrencyCode":"","_EventCurrencyPosition":"","_EventDateTimeSeparator":"","_EventTimeRangeSeparator":"","_EventOrganizerID":[],"_EventVenueID":[],"_OrganizerEmail":"","_OrganizerPhone":"","_OrganizerWebsite":"","_VenueAddress":"","_VenueCity":"","_VenueCountry":"","_VenueProvince":"","_VenueState":"","_VenueZip":"","_VenuePhone":"","_VenueURL":"","_VenueStateProvince":"","_VenueLat":"","_VenueLng":"","_VenueShowMap":false,"_VenueShowMapLink":false,"footnotes":""},"class_list":["post-81","page","type-page","status-publish","hentry"],"_links":{"self":[{"href":"https:\/\/keyforgespain.com\/index.php\/wp-json\/wp\/v2\/pages\/81","targetHints":{"allow":["GET"]}}],"collection":[{"href":"https:\/\/keyforgespain.com\/index.php\/wp-json\/wp\/v2\/pages"}],"about":[{"href":"https:\/\/keyforgespain.com\/index.php\/wp-json\/wp\/v2\/types\/page"}],"author":[{"embeddable":true,"href":"https:\/\/keyforgespain.com\/index.php\/wp-json\/wp\/v2\/users\/1"}],"replies":[{"embeddable":true,"href":"https:\/\/keyforgespain.com\/index.php\/wp-json\/wp\/v2\/comments?post=81"}],"version-history":[{"count":5,"href":"https:\/\/keyforgespain.com\/index.php\/wp-json\/wp\/v2\/pages\/81\/revisions"}],"predecessor-version":[{"id":243,"href":"https:\/\/keyforgespain.com\/index.php\/wp-json\/wp\/v2\/pages\/81\/revisions\/243"}],"wp:attachment":[{"href":"https:\/\/keyforgespain.com\/index.php\/wp-json\/wp\/v2\/media?parent=81"}],"curies":[{"name":"wp","href":"https:\/\/api.w.org\/{rel}","templated":true}]}}