{"id":182,"date":"2024-11-19T21:53:38","date_gmt":"2024-11-19T21:53:38","guid":{"rendered":"https:\/\/keyforgespain.com\/?page_id=182"},"modified":"2024-11-19T21:53:38","modified_gmt":"2024-11-19T21:53:38","slug":"ckfe-2","status":"publish","type":"page","link":"https:\/\/keyforgespain.com\/index.php\/ckfe-2\/","title":{"rendered":"CKFE"},"content":{"rendered":"\n<div class=\"wp-block-group alignfull is-style-section-1 has-background has-global-padding is-layout-constrained wp-block-group-is-layout-constrained is-style-section-1--1\" style=\"background:linear-gradient(135deg,rgb(6,147,227) 0%,rgb(103,0,0) 49%,rgb(164,156,0) 100%)\">\n<h2 class=\"wp-block-heading has-text-align-center\">Comunidad Keyforge Espa\u00f1a<\/h2>\n\n\n\n<p>La <strong>Comunidad KeyForge Espa\u00f1a<\/strong> (CKFE) es el coraz\u00f3n de los jugadores de Keyforge en Espa\u00f1a, un lugar donde la pasi\u00f3n por el juego se transforma en acci\u00f3n. La CKFE ha logrado construir una comunidad activa y unida que no solo disfruta del juego, sino que trabaja constantemente para llevarlo m\u00e1s lejos, ofreciendo oportunidades para todos los jugadores, desde novatos hasta veteranos.<\/p>\n\n\n\n<p>Uno de los mayores logros de la CKFE es su capacidad para movilizar a los jugadores y fomentar la participaci\u00f3n en eventos y torneos a lo largo de toda Espa\u00f1a. A trav\u00e9s de su organizaci\u00f3n incansable, crean encuentros locales y nacionales, en tiendas y otros espacios, que permiten a los jugadores competir, mejorar y disfrutar de la atm\u00f3sfera competitiva y amistosa que caracteriza a Keyforge. Los torneos que organizan no solo son eventos donde medir la habilidad, sino verdaderas fiestas de la comunidad, con el objetivo de unir a los jugadores y fortalecer los lazos entre ellos.<\/p>\n\n\n\n<p>La CKFE tambi\u00e9n se dedica a la formaci\u00f3n de jugadores. A trav\u00e9s de charlas, gu\u00edas, talleres y directos en plataformas online, proporcionan recursos para aprender sobre el juego, las mejores estrategias, y los aspectos m\u00e1s profundos del metajuego. Ya sea a trav\u00e9s de las redes sociales, blogs o directos en Twitch, la CKFE se asegura de que todos los jugadores tengan acceso a la informaci\u00f3n y las herramientas necesarias para crecer en Keyforge.<\/p>\n\n\n\n<p>Y no podemos olvidar la misi\u00f3n de dar visibilidad al juego. La CKFE promueve Keyforge en toda Espa\u00f1a, llevando su pasi\u00f3n por el juego a nuevos lugares y atrayendo a m\u00e1s jugadores. Sus esfuerzos por mantener viva y vibrante la comunidad se reflejan en la gran cantidad de eventos, el entusiasmo de sus miembros y el amor compartido por este juego \u00fanico. Si alguna vez has querido ser parte de algo grande en el mundo de los juegos de cartas, la CKFE est\u00e1 aqu\u00ed para forjar ese camino contigo.<\/p>\n\n\n\n<figure class=\"wp-block-image aligncenter size-full\"><img loading=\"lazy\" decoding=\"async\" width=\"935\" height=\"427\" src=\"https:\/\/keyforgespain.com\/wp-content\/uploads\/2024\/11\/CKFE.png\" alt=\"\" class=\"wp-image-16\" srcset=\"https:\/\/keyforgespain.com\/wp-content\/uploads\/2024\/11\/CKFE.png 935w, https:\/\/keyforgespain.com\/wp-content\/uploads\/2024\/11\/CKFE-300x137.png 300w, https:\/\/keyforgespain.com\/wp-content\/uploads\/2024\/11\/CKFE-768x351.png 768w\" sizes=\"auto, (max-width: 935px) 100vw, 935px\" \/><\/figure>\n<\/div>\n\n\n\n<h2 class=\"wp-block-heading has-text-align-center\">S\u00edguenos en:<\/h2>\n\n\n\n<div class=\"wp-block-columns is-layout-flex wp-container-core-columns-is-layout-28f84493 wp-block-columns-is-layout-flex\">\n<div class=\"wp-block-column is-layout-flow wp-block-column-is-layout-flow\">\n<figure class=\"wp-block-image aligncenter size-large is-resized\"><img decoding=\"async\" src=\"https:\/\/upload.wikimedia.org\/wikipedia\/commons\/thumb\/9\/95\/Instagram_logo_2022.svg\/1200px-Instagram_logo_2022.svg.png\" alt=\"\" style=\"width:auto;height:50px\"\/><\/figure>\n<\/div>\n\n\n\n<div class=\"wp-block-column is-layout-flow wp-block-column-is-layout-flow\">\n<figure class=\"wp-block-image aligncenter size-large is-resized\"><a href=\"https:\/\/x.com\/ComunidadKFE\"><img decoding=\"async\" src=\"https:\/\/pbs.twimg.com\/profile_images\/1683364031921356800\/lC0xkPJZ_400x400.jpg\" alt=\"\" style=\"width:auto;height:50px\"\/><\/a><\/figure>\n<\/div>\n\n\n\n<div class=\"wp-block-column is-layout-flow wp-block-column-is-layout-flow\">\n<figure class=\"wp-block-image aligncenter size-large is-resized\"><a href=\"https:\/\/discord.gg\/H45uZXfUTP\"><img decoding=\"async\" src=\"https:\/\/m.media-amazon.com\/images\/I\/51lpm9SpsJL.png\" alt=\"\" style=\"width:auto;height:50px\"\/><\/a><\/figure>\n<\/div>\n<\/div>\n","protected":false},"excerpt":{"rendered":"<p>Comunidad Keyforge Espa\u00f1a La Comunidad KeyForge Espa\u00f1a (CKFE) es el coraz\u00f3n de los jugadores de Keyforge en Espa\u00f1a, un lugar donde la pasi\u00f3n por el juego se transforma en acci\u00f3n. [&hellip;]<\/p>\n","protected":false},"author":1,"featured_media":0,"parent":0,"menu_order":0,"comment_status":"closed","ping_status":"closed","template":"","meta":{"_EventAllDay":false,"_EventTimezone":"","_EventStartDate":"","_EventEndDate":"","_EventStartDateUTC":"","_EventEndDateUTC":"","_EventShowMap":false,"_EventShowMapLink":false,"_EventURL":"","_EventCost":"","_EventCostDescription":"","_EventCurrencySymbol":"","_EventCurrencyCode":"","_EventCurrencyPosition":"","_EventDateTimeSeparator":"","_EventTimeRangeSeparator":"","_EventOrganizerID":[],"_EventVenueID":[],"_OrganizerEmail":"","_OrganizerPhone":"","_OrganizerWebsite":"","_VenueAddress":"","_VenueCity":"","_VenueCountry":"","_VenueProvince":"","_VenueState":"","_VenueZip":"","_VenuePhone":"","_VenueURL":"","_VenueStateProvince":"","_VenueLat":"","_VenueLng":"","_VenueShowMap":false,"_VenueShowMapLink":false,"footnotes":""},"class_list":["post-182","page","type-page","status-publish","hentry"],"_links":{"self":[{"href":"https:\/\/keyforgespain.com\/index.php\/wp-json\/wp\/v2\/pages\/182","targetHints":{"allow":["GET"]}}],"collection":[{"href":"https:\/\/keyforgespain.com\/index.php\/wp-json\/wp\/v2\/pages"}],"about":[{"href":"https:\/\/keyforgespain.com\/index.php\/wp-json\/wp\/v2\/types\/page"}],"author":[{"embeddable":true,"href":"https:\/\/keyforgespain.com\/index.php\/wp-json\/wp\/v2\/users\/1"}],"replies":[{"embeddable":true,"href":"https:\/\/keyforgespain.com\/index.php\/wp-json\/wp\/v2\/comments?post=182"}],"version-history":[{"count":1,"href":"https:\/\/keyforgespain.com\/index.php\/wp-json\/wp\/v2\/pages\/182\/revisions"}],"predecessor-version":[{"id":184,"href":"https:\/\/keyforgespain.com\/index.php\/wp-json\/wp\/v2\/pages\/182\/revisions\/184"}],"wp:attachment":[{"href":"https:\/\/keyforgespain.com\/index.php\/wp-json\/wp\/v2\/media?parent=182"}],"curies":[{"name":"wp","href":"https:\/\/api.w.org\/{rel}","templated":true}]}}