{"id":133,"date":"2024-11-19T14:50:01","date_gmt":"2024-11-19T14:50:01","guid":{"rendered":"https:\/\/keyforgespain.com\/?page_id=133"},"modified":"2024-11-19T21:06:15","modified_gmt":"2024-11-19T21:06:15","slug":"imperial-archons-hispania","status":"publish","type":"page","link":"https:\/\/keyforgespain.com\/index.php\/conocimiento\/contenido\/imperial-archons-hispania\/","title":{"rendered":"Imperial Archons Hispania"},"content":{"rendered":"\n<div class=\"wp-block-group alignfull is-style-section-1 has-global-padding is-layout-constrained wp-block-group-is-layout-constrained is-style-section-1--1\">\n<div class=\"wp-block-columns alignwide is-layout-flex wp-container-core-columns-is-layout-28f84493 wp-block-columns-is-layout-flex\">\n<div class=\"wp-block-column is-vertically-aligned-center is-layout-flow wp-block-column-is-layout-flow\">\n<h2 class=\"wp-block-heading has-large-font-size\">IMPERIAL ARCHONS HISPANIA<\/h2>\n\n\n\n<p>En el universo de Keyforge, donde la creatividad y la estrategia se encuentran, <a href=\"https:\/\/imperialarchonshispania.wordpress.com\/\"><strong>Imperial Archons Hispania<\/strong><\/a> destaca como un punto de encuentro lleno de arte y reflexi\u00f3n. Este blog, dirigido por <strong>Blazing<\/strong>, <strong>Brostof<\/strong> y la vibrante comunidad del sur de Espa\u00f1a, es un faro para todos los jugadores que buscan ir m\u00e1s all\u00e1 del simple juego y sumergirse en el verdadero esp\u00edritu de Keyforge.<\/p>\n\n\n\n<p>Cada art\u00edculo en <a href=\"https:\/\/imperialarchonshispania.wordpress.com\/\"><strong>Imperial Archons Hispania<\/strong><\/a> es una obra cuidada, llena de an\u00e1lisis profundos, estrategias detalladas y reflexiones sobre la experiencia de juego. <strong>Blazing<\/strong> y <strong>Brostof<\/strong> aportan no solo su conocimiento experto, sino tambi\u00e9n su estilo \u00fanico, un estilo con mucho arte, que hace de cada publicaci\u00f3n una lectura amena y enriquecedora. Desde el estudio de las combinaciones de mazos, hasta las historias personales que surgen en cada partida, el blog se ha convertido en una referencia para la comunidad hispanohablante de Keyforge.<\/p>\n\n\n\n<p>Pero lo que realmente diferencia a <a href=\"https:\/\/imperialarchonshispania.wordpress.com\/\"><strong>Imperial Archons Hispania<\/strong><\/a> es su comunidad. Con la calidez y el buen humor caracter\u00edsticos del sur de Espa\u00f1a, este espacio est\u00e1 lleno de jugadores que comparten su pasi\u00f3n, sus triunfos y sus derrotas, todo ello con un toque especial que solo ellos saben darle. Es un lugar donde no solo se aprende sobre Keyforge, sino donde tambi\u00e9n se disfruta de la belleza de este juego, se debate sobre sus misterios y se forjan amistades.<\/p>\n<\/div>\n\n\n\n<div class=\"wp-block-column is-vertically-aligned-center is-style-default is-layout-flow wp-block-column-is-layout-flow\">\n<figure class=\"wp-block-image aligncenter size-large is-resized\"><img decoding=\"async\" src=\"https:\/\/imperialarchonshispania.wordpress.com\/wp-content\/uploads\/2024\/06\/iahlogo.png\" alt=\"\" style=\"width:645px;height:auto\"\/><\/figure>\n<\/div>\n<\/div>\n<\/div>\n\n\n\n<div class=\"wp-block-group alignfull is-style-default has-global-padding is-content-justification-left is-layout-constrained wp-container-core-group-is-layout-12dd3699 wp-block-group-is-layout-constrained\">\n<div class=\"wp-block-group alignfull has-background has-global-padding is-content-justification-center is-layout-constrained wp-container-core-group-is-layout-7cd3bfbb wp-block-group-is-layout-constrained\" style=\"background-color:#3e5a07\">\n<p>Si buscas un sitio donde el arte de jugar a Keyforge se celebre, donde cada carta cuente una historia y cada estrategia tenga su momento de gloria,<a href=\"https:\/\/imperialarchonshispania.wordpress.com\/\"> <strong>Imperial Archons Hispania<\/strong> <\/a>es el lugar perfecto para ti. \u00a1S\u00edguenos, aprende, r\u00ede y s\u00famate a la conversaci\u00f3n!<\/p>\n<\/div>\n<\/div>\n\n\n\n<h2 class=\"wp-block-heading has-text-align-center\">S\u00edguenos en:<\/h2>\n\n\n\n<div class=\"wp-block-columns is-layout-flex wp-container-core-columns-is-layout-28f84493 wp-block-columns-is-layout-flex\">\n<div class=\"wp-block-column is-vertically-aligned-center is-layout-flow wp-block-column-is-layout-flow\">\n<figure class=\"wp-block-image aligncenter size-large is-resized\"><a href=\"https:\/\/imperialarchonshispania.wordpress.com\" target=\"_blank\" rel=\" noreferrer noopener\"><img decoding=\"async\" src=\"https:\/\/imperialarchonshispania.wordpress.com\/wp-content\/uploads\/2024\/06\/cropped-iahicono.png?w=200\" alt=\"\" style=\"width:auto;height:50px\"\/><\/a><\/figure>\n<\/div>\n\n\n\n<div class=\"wp-block-column is-layout-flow wp-block-column-is-layout-flow\">\n<figure class=\"wp-block-image aligncenter size-large is-resized\"><a href=\"https:\/\/x.com\/ImperialArchons\" target=\"_blank\" rel=\" noreferrer noopener\"><img decoding=\"async\" src=\"https:\/\/pbs.twimg.com\/profile_images\/1683364031921356800\/lC0xkPJZ_400x400.jpg\" alt=\"\" style=\"width:auto;height:50px\"\/><\/a><\/figure>\n<\/div>\n\n\n\n<div class=\"wp-block-column is-layout-flow wp-block-column-is-layout-flow\">\n<figure class=\"wp-block-image aligncenter size-large is-resized\"><a href=\"https:\/\/www.instagram.com\/imperial_archons_hispania\/\" target=\"_blank\" rel=\" noreferrer noopener\"><img decoding=\"async\" src=\"https:\/\/upload.wikimedia.org\/wikipedia\/commons\/thumb\/9\/95\/Instagram_logo_2022.svg\/1200px-Instagram_logo_2022.svg.png\" alt=\"\" style=\"width:auto;height:50px\"\/><\/a><\/figure>\n<\/div>\n<\/div>\n","protected":false},"excerpt":{"rendered":"<p>IMPERIAL ARCHONS HISPANIA En el universo de Keyforge, donde la creatividad y la estrategia se encuentran, Imperial Archons Hispania destaca como un punto de encuentro lleno de arte y reflexi\u00f3n. [&hellip;]<\/p>\n","protected":false},"author":1,"featured_media":0,"parent":105,"menu_order":0,"comment_status":"closed","ping_status":"closed","template":"","meta":{"_EventAllDay":false,"_EventTimezone":"","_EventStartDate":"","_EventEndDate":"","_EventStartDateUTC":"","_EventEndDateUTC":"","_EventShowMap":false,"_EventShowMapLink":false,"_EventURL":"","_EventCost":"","_EventCostDescription":"","_EventCurrencySymbol":"","_EventCurrencyCode":"","_EventCurrencyPosition":"","_EventDateTimeSeparator":"","_EventTimeRangeSeparator":"","_EventOrganizerID":[],"_EventVenueID":[],"_OrganizerEmail":"","_OrganizerPhone":"","_OrganizerWebsite":"","_VenueAddress":"","_VenueCity":"","_VenueCountry":"","_VenueProvince":"","_VenueState":"","_VenueZip":"","_VenuePhone":"","_VenueURL":"","_VenueStateProvince":"","_VenueLat":"","_VenueLng":"","_VenueShowMap":false,"_VenueShowMapLink":false,"footnotes":""},"class_list":["post-133","page","type-page","status-publish","hentry"],"_links":{"self":[{"href":"https:\/\/keyforgespain.com\/index.php\/wp-json\/wp\/v2\/pages\/133","targetHints":{"allow":["GET"]}}],"collection":[{"href":"https:\/\/keyforgespain.com\/index.php\/wp-json\/wp\/v2\/pages"}],"about":[{"href":"https:\/\/keyforgespain.com\/index.php\/wp-json\/wp\/v2\/types\/page"}],"author":[{"embeddable":true,"href":"https:\/\/keyforgespain.com\/index.php\/wp-json\/wp\/v2\/users\/1"}],"replies":[{"embeddable":true,"href":"https:\/\/keyforgespain.com\/index.php\/wp-json\/wp\/v2\/comments?post=133"}],"version-history":[{"count":8,"href":"https:\/\/keyforgespain.com\/index.php\/wp-json\/wp\/v2\/pages\/133\/revisions"}],"predecessor-version":[{"id":177,"href":"https:\/\/keyforgespain.com\/index.php\/wp-json\/wp\/v2\/pages\/133\/revisions\/177"}],"up":[{"embeddable":true,"href":"https:\/\/keyforgespain.com\/index.php\/wp-json\/wp\/v2\/pages\/105"}],"wp:attachment":[{"href":"https:\/\/keyforgespain.com\/index.php\/wp-json\/wp\/v2\/media?parent=133"}],"curies":[{"name":"wp","href":"https:\/\/api.w.org\/{rel}","templated":true}]}}